{"id":8,"date":"2024-10-07T23:20:56","date_gmt":"2024-10-07T21:20:56","guid":{"rendered":"https:\/\/alfafinplus.sk\/?page_id=8"},"modified":"2024-11-26T10:38:16","modified_gmt":"2024-11-26T09:38:16","slug":"home","status":"publish","type":"page","link":"https:\/\/alfafinplus.sk\/","title":{"rendered":"Home"},"content":{"rendered":"<p><div class=\"fusion-fullwidth fullwidth-box fusion-builder-row-1 fusion-flex-container has-pattern-background has-mask-background fusion-parallax-none nonhundred-percent-fullwidth non-hundred-percent-height-scrolling lazyload\" style=\"--awb-background-position:center bottom;--awb-border-radius-top-left:0px;--awb-border-radius-top-right:0px;--awb-border-radius-bottom-right:0px;--awb-border-radius-bottom-left:0px;--awb-padding-bottom:0px;--awb-margin-bottom:0px;--awb-min-height:800px;--awb-background-image:linear-gradient(180deg, var(--awb-color1) 6%,rgba(255,255,255,0.2) 100%);;--awb-background-size:cover;--awb-flex-wrap:wrap;\" data-bg=\"https:\/\/alfafinplus.sk\/wp-content\/uploads\/2024\/11\/banner_alfafin_plus_10x4m_1ku10_print-scaled.jpg\" data-bg-gradient=\"linear-gradient(180deg, var(--awb-color1) 6%,rgba(255,255,255,0.2) 100%)\" ><div class=\"fusion-builder-row fusion-row fusion-flex-align-items-flex-start fusion-flex-content-wrap\" style=\"max-width:1248px;margin-left: calc(-4% \/ 2 );margin-right: calc(-4% \/ 2 );\"><div class=\"fusion-layout-column fusion_builder_column fusion-builder-column-0 fusion_builder_column_1_1 1_1 fusion-flex-column fusion-flex-align-self-stretch\" style=\"--awb-bg-size:cover;--awb-width-large:100%;--awb-margin-top-large:0px;--awb-spacing-right-large:1.92%;--awb-margin-bottom-large:0px;--awb-spacing-left-large:1.92%;--awb-width-medium:100%;--awb-order-medium:0;--awb-spacing-right-medium:1.92%;--awb-spacing-left-medium:1.92%;--awb-width-small:100%;--awb-order-small:0;--awb-spacing-right-small:1.92%;--awb-spacing-left-small:1.92%;\"><div class=\"fusion-column-wrapper fusion-column-has-shadow fusion-flex-justify-content-flex-end fusion-content-layout-column\"><div class=\"fusion-image-element \" style=\"text-align:center;--awb-margin-bottom:30px;--awb-max-width:600px;--awb-caption-title-font-family:var(--h2_typography-font-family);--awb-caption-title-font-weight:var(--h2_typography-font-weight);--awb-caption-title-font-style:var(--h2_typography-font-style);--awb-caption-title-size:var(--h2_typography-font-size);--awb-caption-title-transform:var(--h2_typography-text-transform);--awb-caption-title-line-height:var(--h2_typography-line-height);--awb-caption-title-letter-spacing:var(--h2_typography-letter-spacing);\"><span class=\" fusion-imageframe imageframe-none imageframe-1 hover-type-none\"><a class=\"fusion-no-lightbox\" href=\"https:\/\/alfafinplus.sk\/\" target=\"_self\" aria-label=\"banner_alfafin_plus\"><img decoding=\"async\" width=\"1424\" height=\"134\" src=\"https:\/\/alfafinplus.sk\/wp-content\/uploads\/2024\/11\/banner_alfafin_plus.png\" data-orig-src=\"https:\/\/alfafinplus.sk\/wp-content\/uploads\/2024\/11\/banner_alfafin_plus.png\" alt class=\"lazyload img-responsive wp-image-54\" srcset=\"data:image\/svg+xml,%3Csvg%20xmlns%3D%27http%3A%2F%2Fwww.w3.org%2F2000%2Fsvg%27%20width%3D%271424%27%20height%3D%27134%27%20viewBox%3D%270%200%201424%20134%27%3E%3Crect%20width%3D%271424%27%20height%3D%27134%27%20fill-opacity%3D%220%22%2F%3E%3C%2Fsvg%3E\" data-srcset=\"https:\/\/alfafinplus.sk\/wp-content\/uploads\/2024\/11\/banner_alfafin_plus-200x19.png 200w, https:\/\/alfafinplus.sk\/wp-content\/uploads\/2024\/11\/banner_alfafin_plus-400x38.png 400w, https:\/\/alfafinplus.sk\/wp-content\/uploads\/2024\/11\/banner_alfafin_plus-600x56.png 600w, https:\/\/alfafinplus.sk\/wp-content\/uploads\/2024\/11\/banner_alfafin_plus-800x75.png 800w, https:\/\/alfafinplus.sk\/wp-content\/uploads\/2024\/11\/banner_alfafin_plus-1200x113.png 1200w, https:\/\/alfafinplus.sk\/wp-content\/uploads\/2024\/11\/banner_alfafin_plus.png 1424w\" data-sizes=\"auto\" data-orig-sizes=\"(max-width: 640px) 100vw, 1200px\" \/><\/a><\/span><\/div><div class=\"fusion-title title fusion-title-1 fusion-sep-none fusion-title-center fusion-title-text fusion-title-size-three\" style=\"--awb-text-color:#191919;--awb-margin-top:1%;--awb-margin-bottom:22%;--awb-margin-bottom-small:45%;--awb-margin-bottom-medium:30%;\"><h3 class=\"fusion-title-heading title-heading-center\" style=\"font-family:&quot;Baloo Paaji 2&quot;;font-style:normal;font-weight:400;margin:0;\">Seri\u00f3zne, v\u00fdhodn\u00e9 a ekologick\u00e9 zhodnocovanie odpadov kovov.<\/h3><\/div><div class=\"fusion-section-separator section-separator slant fusion-section-separator-1\" style=\"--awb-spacer-height:99px;--awb-svg-margin-left:1.92%;--awb-svg-margin-right:1.92%;--awb-svg-margin-left-medium:1.92%;--awb-svg-margin-right-medium:1.92%;--awb-svg-margin-left-small:1.92%;--awb-svg-margin-right-small:1.92%;--awb-divider-height:99px;--awb-spacer-padding-top:inherit;--awb-sep-padding:0;--awb-svg-padding:0;--awb-svg-tag-margin-bottom:-3px;--awb-sep-svg-display:block;\"><div class=\"fusion-section-separator-svg\"><svg class=\"fusion-slant-candy\" xmlns=\"http:\/\/www.w3.org\/2000\/svg\" version=\"1.1\" width=\"100%\" height=\"100\" viewBox=\"0 0 100 100\" preserveAspectRatio=\"none\" fill=\"rgba(0,63,126,1)\"><path d=\"M100 0 L0 100 L101 100 Z\"><\/path><\/svg><\/div><div class=\"fusion-section-separator-spacer\"><div class=\"fusion-section-separator-spacer-height\"><\/div><\/div><\/div><\/div><\/div><\/div><\/div><div class=\"fusion-fullwidth fullwidth-box fusion-builder-row-2 fusion-flex-container has-pattern-background has-mask-background nonhundred-percent-fullwidth non-hundred-percent-height-scrolling\" style=\"--awb-border-radius-top-left:0px;--awb-border-radius-top-right:0px;--awb-border-radius-bottom-right:0px;--awb-border-radius-bottom-left:0px;--awb-padding-top:50px;--awb-padding-bottom:0px;--awb-margin-top:0px;--awb-background-color:var(--awb-color6);--awb-flex-wrap:wrap;\" ><div class=\"fusion-builder-row fusion-row fusion-flex-align-items-flex-start fusion-flex-content-wrap\" style=\"max-width:1248px;margin-left: calc(-4% \/ 2 );margin-right: calc(-4% \/ 2 );\"><div class=\"fusion-layout-column fusion_builder_column fusion-builder-column-1 fusion_builder_column_3_4 3_4 fusion-flex-column\" style=\"--awb-bg-size:cover;--awb-width-large:75%;--awb-margin-top-large:0px;--awb-spacing-right-large:2.56%;--awb-margin-bottom-large:0px;--awb-spacing-left-large:2.56%;--awb-width-medium:75%;--awb-order-medium:0;--awb-spacing-right-medium:2.56%;--awb-spacing-left-medium:2.56%;--awb-width-small:100%;--awb-order-small:0;--awb-spacing-right-small:1.92%;--awb-spacing-left-small:1.92%;\"><div class=\"fusion-column-wrapper fusion-column-has-shadow fusion-flex-justify-content-flex-start fusion-content-layout-column\"><div class=\"fusion-title title fusion-title-2 fusion-sep-none fusion-title-text fusion-title-size-three\" style=\"--awb-text-color:var(--awb-color5);\"><h3 class=\"fusion-title-heading title-heading-left\" style=\"font-family:&quot;Baloo Paaji 2&quot;;font-style:normal;font-weight:600;margin:0;\">Sprac\u00favame kovov\u00fd \u0161rot<\/h3><\/div><div class=\"fusion-text fusion-text-1\" style=\"--awb-text-color:var(--awb-color2);\"><p>Alfafin Plus s.r.o. je firma, ktor\u00e1 sa zaober\u00e1 <b>v\u00fdkupom, trieden\u00edm, spracovan\u00edm a zhodnocovan\u00edm odpadov kovov a oce\u013eov\u00e9ho \u0161rotu<\/b> v s\u00falade s ustanoveniami z\u00e1konov upravuj\u00facich legislat\u00edvu v tejto oblasti v SR. Pre na\u0161ich obchodn\u00fdch partnerov zabezpe\u010dujeme taktie\u017e pali\u010dsk\u00e9 pr\u00e1ce, likvid\u00e1cie kovov\u00fdch kon\u0161trukci\u00ed, priemyseln\u00fdch technologick\u00fdch zariaden\u00ed, preprava n\u00e1kladn\u00fdmi vozidlami s HR, zapo\u017ei\u010danie kontajnerov.<\/p>\n<p>Spracovan\u00e9 komodity odpred\u00e1vame na dom\u00e1com aj zahrani\u010dnom trhu. Na\u0161im obchodn\u00fdm partnerom pon\u00fakame seri\u00f3znu a dlhodob\u00fa spolupr\u00e1cu s prihliadut\u00edm na situ\u00e1ciu v ponuke a dopyte v Slovenskej republike ale aj v zahrani\u010d\u00ed. Sp\u00f4sob stanovenia ceny je mo\u017en\u00e9 dohodn\u00fa\u0165 individu\u00e1lne. Na\u0161a spolo\u010dnos\u0165 zabezpe\u010duje odvoz odpadov od producenta vlastn\u00fdmi prostriedkami alebo priamo technick\u00fdmi prostriedkami spracovate\u013ea odpadu.<\/p>\n<p>Dovo\u013eujeme si V\u00e1s ubezpe\u010di\u0165, \u017ee spolupr\u00e1ca s na\u0161ou spolo\u010dnos\u0165ou pri zhodnocovan\u00ed odpadov je seri\u00f3zna a v\u00fdhodn\u00e1.<\/p>\n<\/div><div class=\"fusion-text fusion-text-2\" style=\"--awb-text-color:var(--awb-color2);\"><p>Medzi na\u0161ich v\u00fdznamn\u00fdch obchodn\u00fdch partnerov pre ktor\u00fdch uveden\u00e9 slu\u017eby zabezpe\u010dujeme patria spolo\u010dnosti:<\/p>\n<\/div><ul style=\"--awb-iconcolor:var(--awb-color5);--awb-textcolor:var(--awb-color2);--awb-line-height:27.2px;--awb-icon-width:27.2px;--awb-icon-height:27.2px;--awb-icon-margin:11.2px;--awb-content-margin:38.4px;\" class=\"fusion-checklist fusion-checklist-1 fusion-checklist-default type-icons\"><li class=\"fusion-li-item\" style=\"\"><span class=\"icon-wrapper circle-no\"><i class=\"fusion-li-icon fa-angle-right fas\" aria-hidden=\"true\"><\/i><\/span><div class=\"fusion-li-item-content\">\n<p>Tatravag\u00f3nka, a.s. Poprad, Tatravag\u00f3nka z\u00e1vod Trebi\u0161ov<\/p>\n<\/div><\/li><li class=\"fusion-li-item\" style=\"\"><span class=\"icon-wrapper circle-no\"><i class=\"fusion-li-icon fa-angle-right fas\" aria-hidden=\"true\"><\/i><\/span><div class=\"fusion-li-item-content\">ZTS Sabinov, a. s.<\/div><\/li><li class=\"fusion-li-item\" style=\"\"><span class=\"icon-wrapper circle-no\"><i class=\"fusion-li-icon fa-angle-right fas\" aria-hidden=\"true\"><\/i><\/span><div class=\"fusion-li-item-content\">\n<p>WEP Trading, a. s., Sabinov<\/p>\n<\/div><\/li><li class=\"fusion-li-item\" style=\"\"><span class=\"icon-wrapper circle-no\"><i class=\"fusion-li-icon fa-angle-right fas\" aria-hidden=\"true\"><\/i><\/span><div class=\"fusion-li-item-content\">\n<p>PL Profy, s. r. o., Orlov<\/p>\n<\/div><\/li><li class=\"fusion-li-item\" style=\"\"><span class=\"icon-wrapper circle-no\"><i class=\"fusion-li-icon fa-angle-right fas\" aria-hidden=\"true\"><\/i><\/span><div class=\"fusion-li-item-content\">\n<p>Treva, s.r.o. Prakovce<\/p>\n<\/div><\/li><\/ul><\/div><\/div><div class=\"fusion-layout-column fusion_builder_column fusion-builder-column-2 fusion_builder_column_1_4 1_4 fusion-flex-column\" style=\"--awb-bg-size:cover;--awb-width-large:25%;--awb-margin-top-large:0px;--awb-spacing-right-large:7.68%;--awb-margin-bottom-large:20px;--awb-spacing-left-large:7.68%;--awb-width-medium:25%;--awb-order-medium:0;--awb-spacing-right-medium:7.68%;--awb-spacing-left-medium:7.68%;--awb-width-small:100%;--awb-order-small:0;--awb-spacing-right-small:1.92%;--awb-spacing-left-small:1.92%;\"><div class=\"fusion-column-wrapper fusion-column-has-shadow fusion-flex-justify-content-flex-start fusion-content-layout-column\"><div class=\"fusion-image-element \" style=\"--awb-aspect-ratio:9 \/ 21;--awb-caption-title-font-family:var(--h2_typography-font-family);--awb-caption-title-font-weight:var(--h2_typography-font-weight);--awb-caption-title-font-style:var(--h2_typography-font-style);--awb-caption-title-size:var(--h2_typography-font-size);--awb-caption-title-transform:var(--h2_typography-text-transform);--awb-caption-title-line-height:var(--h2_typography-line-height);--awb-caption-title-letter-spacing:var(--h2_typography-letter-spacing);\"><span class=\" fusion-imageframe imageframe-none imageframe-2 hover-type-none has-aspect-ratio\"><img decoding=\"async\" width=\"2560\" height=\"1707\" src=\"https:\/\/alfafinplus.sk\/wp-content\/uploads\/2024\/10\/yasin-hemmati-e1RKLvWJk4I-unsplash-scaled.jpg\" data-orig-src=\"https:\/\/alfafinplus.sk\/wp-content\/uploads\/2024\/10\/yasin-hemmati-e1RKLvWJk4I-unsplash-scaled.jpg\" class=\"lazyload img-responsive wp-image-37 img-with-aspect-ratio\" alt srcset=\"data:image\/svg+xml,%3Csvg%20xmlns%3D%27http%3A%2F%2Fwww.w3.org%2F2000%2Fsvg%27%20width%3D%272560%27%20height%3D%271707%27%20viewBox%3D%270%200%202560%201707%27%3E%3Crect%20width%3D%272560%27%20height%3D%271707%27%20fill-opacity%3D%220%22%2F%3E%3C%2Fsvg%3E\" data-srcset=\"https:\/\/alfafinplus.sk\/wp-content\/uploads\/2024\/10\/yasin-hemmati-e1RKLvWJk4I-unsplash-200x133.jpg 200w, https:\/\/alfafinplus.sk\/wp-content\/uploads\/2024\/10\/yasin-hemmati-e1RKLvWJk4I-unsplash-400x267.jpg 400w, https:\/\/alfafinplus.sk\/wp-content\/uploads\/2024\/10\/yasin-hemmati-e1RKLvWJk4I-unsplash-600x400.jpg 600w, https:\/\/alfafinplus.sk\/wp-content\/uploads\/2024\/10\/yasin-hemmati-e1RKLvWJk4I-unsplash-800x533.jpg 800w, https:\/\/alfafinplus.sk\/wp-content\/uploads\/2024\/10\/yasin-hemmati-e1RKLvWJk4I-unsplash-1200x800.jpg 1200w, https:\/\/alfafinplus.sk\/wp-content\/uploads\/2024\/10\/yasin-hemmati-e1RKLvWJk4I-unsplash-scaled.jpg 2560w\" data-sizes=\"auto\" data-orig-sizes=\"(max-width: 640px) 100vw, 400px\" \/><\/span><\/div><\/div><\/div><\/div><\/div><div class=\"fusion-fullwidth fullwidth-box fusion-builder-row-3 fusion-flex-container has-pattern-background has-mask-background nonhundred-percent-fullwidth non-hundred-percent-height-scrolling\" style=\"--awb-border-radius-top-left:0px;--awb-border-radius-top-right:0px;--awb-border-radius-bottom-right:0px;--awb-border-radius-bottom-left:0px;--awb-padding-top:29px;--awb-padding-bottom:0px;--awb-margin-top:0px;--awb-background-color:var(--awb-color6);--awb-flex-wrap:wrap;\" ><div class=\"fusion-builder-row fusion-row fusion-flex-align-items-flex-start fusion-flex-content-wrap\" style=\"max-width:1248px;margin-left: calc(-4% \/ 2 );margin-right: calc(-4% \/ 2 );\"><div class=\"fusion-layout-column fusion_builder_column fusion-builder-column-3 fusion_builder_column_1_1 1_1 fusion-flex-column\" style=\"--awb-bg-size:cover;--awb-width-large:100%;--awb-margin-top-large:0px;--awb-spacing-right-large:1.92%;--awb-margin-bottom-large:0px;--awb-spacing-left-large:1.92%;--awb-width-medium:100%;--awb-order-medium:0;--awb-spacing-right-medium:1.92%;--awb-spacing-left-medium:1.92%;--awb-width-small:100%;--awb-order-small:0;--awb-spacing-right-small:1.92%;--awb-spacing-left-small:1.92%;\"><div class=\"fusion-column-wrapper fusion-column-has-shadow fusion-flex-justify-content-flex-start fusion-content-layout-column\"><div class=\"fusion-section-separator section-separator slant fusion-section-separator-2\" style=\"--awb-spacer-height:99px;--awb-svg-margin-left:1.92%;--awb-svg-margin-right:1.92%;--awb-svg-margin-left-medium:1.92%;--awb-svg-margin-right-medium:1.92%;--awb-svg-margin-left-small:1.92%;--awb-svg-margin-right-small:1.92%;--awb-divider-height:99px;--awb-spacer-padding-top:inherit;--awb-sep-padding:0;--awb-svg-padding:0;--awb-svg-tag-margin-bottom:-3px;--awb-sep-svg-display:block;--awb-margin-top:10px;\"><div class=\"fusion-section-separator-svg\"><svg class=\"fusion-slant-candy\" xmlns=\"http:\/\/www.w3.org\/2000\/svg\" version=\"1.1\" width=\"100%\" height=\"100\" viewBox=\"0 0 100 100\" preserveAspectRatio=\"none\" fill=\"rgba(255,255,255,1)\"><path d=\"M100 0 L0 100 L101 100 Z\"><\/path><\/svg><\/div><div class=\"fusion-section-separator-spacer\"><div class=\"fusion-section-separator-spacer-height\"><\/div><\/div><\/div><\/div><\/div><\/div><\/div><div id=\"kontakt\" class=\"fusion-container-anchor\"><div class=\"fusion-fullwidth fullwidth-box fusion-builder-row-4 fusion-flex-container has-pattern-background has-mask-background nonhundred-percent-fullwidth non-hundred-percent-height-scrolling\" style=\"--awb-border-radius-top-left:0px;--awb-border-radius-top-right:0px;--awb-border-radius-bottom-right:0px;--awb-border-radius-bottom-left:0px;--awb-flex-wrap:wrap;\" ><div class=\"fusion-builder-row fusion-row fusion-flex-align-items-flex-start fusion-flex-content-wrap\" style=\"max-width:1248px;margin-left: calc(-4% \/ 2 );margin-right: calc(-4% \/ 2 );\"><div class=\"fusion-layout-column fusion_builder_column fusion-builder-column-4 fusion_builder_column_3_5 3_5 fusion-flex-column\" style=\"--awb-bg-size:cover;--awb-width-large:60%;--awb-margin-top-large:30px;--awb-spacing-right-large:3.2%;--awb-margin-bottom-large:20px;--awb-spacing-left-large:3.2%;--awb-width-medium:60%;--awb-order-medium:0;--awb-spacing-right-medium:3.2%;--awb-spacing-left-medium:3.2%;--awb-width-small:100%;--awb-order-small:0;--awb-spacing-right-small:1.92%;--awb-spacing-left-small:1.92%;\"><div class=\"fusion-column-wrapper fusion-column-has-shadow fusion-flex-justify-content-flex-start fusion-content-layout-column\"><div class=\"fusion-title title fusion-title-3 fusion-sep-none fusion-title-text fusion-title-size-three\" style=\"--awb-text-color:var(--awb-color5);\"><h3 class=\"fusion-title-heading title-heading-left\" style=\"font-family:&quot;Baloo Paaji 2&quot;;font-style:normal;font-weight:600;margin:0;\">Kontakt<\/h3><\/div><div class=\"fusion-text fusion-text-3 awb-text-cols fusion-text-columns-2\" style=\"--awb-columns:2;--awb-column-spacing:2em;--awb-column-min-width:100px;\"><p><strong>Alfafin Plus<\/strong>&nbsp;s.r.o.<br \/>\nPansk\u00e1 18<br \/>\n811 01 Bratislava<\/p>\n<p>I\u010cO: 50600150<br \/>\nDI\u010c: 2120426660<br \/>\nI\u010c DPH: SK2120426660<\/p>\n<\/div><div ><a class=\"fusion-button button-flat fusion-button-default-size button-custom fusion-button-default button-1 fusion-button-default-span fusion-button-default-type\" style=\"--button_accent_color:var(--awb-color6);--button_border_color:var(--awb-color8);--button_accent_hover_color:var(--awb-color5);--button_border_hover_color:var(--awb-color5);--button_gradient_top_color:rgba(255,255,255,0);--button_gradient_bottom_color:rgba(255,255,255,0);--button_gradient_top_color_hover:rgba(255,255,255,0);--button_gradient_bottom_color_hover:rgba(255,255,255,0);--button_font_size:1.00em;--button_padding-top:0px;--button_padding-right:0px;--button_padding-bottom:0px;--button_padding-left:0px;--button_typography-font-family:&quot;Baloo Paaji 2&quot;;--button_typography-font-style:normal;--button_typography-font-weight:500;\" target=\"_self\" href=\"callto:+421 908 730 624\"><span class=\"fusion-button-text\">+421 908 730 624<\/span><\/a><\/div><div ><a class=\"fusion-button button-flat fusion-button-default-size button-custom fusion-button-default button-2 fusion-button-default-span fusion-button-default-type\" style=\"--button_accent_color:var(--awb-color6);--button_border_color:var(--awb-color8);--button_accent_hover_color:var(--awb-color5);--button_border_hover_color:var(--awb-color5);--button_gradient_top_color:rgba(255,255,255,0);--button_gradient_bottom_color:rgba(255,255,255,0);--button_gradient_top_color_hover:rgba(255,255,255,0);--button_gradient_bottom_color_hover:rgba(255,255,255,0);--button_font_size:1.00em;--button_padding-top:0px;--button_padding-right:0px;--button_padding-bottom:0px;--button_padding-left:0px;--button_typography-font-family:&quot;Baloo Paaji 2&quot;;--button_typography-font-style:normal;--button_typography-font-weight:500;\" target=\"_self\" href=\"mailto:sroty@alfafinplus.sk\"><span class=\"fusion-button-text\">sroty@alfafinplus.sk<\/span><\/a><\/div><\/div><\/div><div class=\"fusion-layout-column fusion_builder_column fusion-builder-column-5 fusion_builder_column_2_5 2_5 fusion-flex-column\" style=\"--awb-bg-size:cover;--awb-width-large:40%;--awb-margin-top-large:0px;--awb-spacing-right-large:4.8%;--awb-margin-bottom-large:20px;--awb-spacing-left-large:4.8%;--awb-width-medium:40%;--awb-order-medium:0;--awb-spacing-right-medium:4.8%;--awb-spacing-left-medium:4.8%;--awb-width-small:100%;--awb-order-small:0;--awb-spacing-right-small:1.92%;--awb-spacing-left-small:1.92%;\"><div class=\"fusion-column-wrapper fusion-column-has-shadow fusion-flex-justify-content-flex-start fusion-content-layout-column\"><div class=\"fusion-image-element \" style=\"--awb-aspect-ratio:4 \/ 3;--awb-mask-url: url(https:\/\/alfafinplus.sk\/wp-content\/plugins\/fusion-builder\/\/assets\/images\/masks\/mask-15.svg);--awb-caption-title-font-family:var(--h2_typography-font-family);--awb-caption-title-font-weight:var(--h2_typography-font-weight);--awb-caption-title-font-style:var(--h2_typography-font-style);--awb-caption-title-size:var(--h2_typography-font-size);--awb-caption-title-transform:var(--h2_typography-text-transform);--awb-caption-title-line-height:var(--h2_typography-line-height);--awb-caption-title-letter-spacing:var(--h2_typography-letter-spacing);\"><span class=\" fusion-imageframe imageframe-none imageframe-3 hover-type-none has-mask has-aspect-ratio\"><img decoding=\"async\" width=\"2560\" height=\"1707\" src=\"https:\/\/alfafinplus.sk\/wp-content\/uploads\/2024\/10\/evan-demicoli-HGCqL-tRcac-unsplash-scaled.jpg\" data-orig-src=\"https:\/\/alfafinplus.sk\/wp-content\/uploads\/2024\/10\/evan-demicoli-HGCqL-tRcac-unsplash-scaled.jpg\" class=\"lazyload img-responsive wp-image-39 img-with-aspect-ratio\" alt srcset=\"data:image\/svg+xml,%3Csvg%20xmlns%3D%27http%3A%2F%2Fwww.w3.org%2F2000%2Fsvg%27%20width%3D%272560%27%20height%3D%271707%27%20viewBox%3D%270%200%202560%201707%27%3E%3Crect%20width%3D%272560%27%20height%3D%271707%27%20fill-opacity%3D%220%22%2F%3E%3C%2Fsvg%3E\" data-srcset=\"https:\/\/alfafinplus.sk\/wp-content\/uploads\/2024\/10\/evan-demicoli-HGCqL-tRcac-unsplash-200x133.jpg 200w, https:\/\/alfafinplus.sk\/wp-content\/uploads\/2024\/10\/evan-demicoli-HGCqL-tRcac-unsplash-400x267.jpg 400w, https:\/\/alfafinplus.sk\/wp-content\/uploads\/2024\/10\/evan-demicoli-HGCqL-tRcac-unsplash-600x400.jpg 600w, https:\/\/alfafinplus.sk\/wp-content\/uploads\/2024\/10\/evan-demicoli-HGCqL-tRcac-unsplash-800x533.jpg 800w, https:\/\/alfafinplus.sk\/wp-content\/uploads\/2024\/10\/evan-demicoli-HGCqL-tRcac-unsplash-1200x800.jpg 1200w, https:\/\/alfafinplus.sk\/wp-content\/uploads\/2024\/10\/evan-demicoli-HGCqL-tRcac-unsplash-scaled.jpg 2560w\" data-sizes=\"auto\" data-orig-sizes=\"(max-width: 640px) 100vw, 600px\" \/><\/span><\/div><\/div><\/div><\/div><\/div><\/div><\/p>\n","protected":false},"excerpt":{"rendered":"","protected":false},"author":1,"featured_media":0,"parent":0,"menu_order":0,"comment_status":"closed","ping_status":"closed","template":"100-width.php","meta":{"footnotes":""},"class_list":["post-8","page","type-page","status-publish","hentry"],"_links":{"self":[{"href":"https:\/\/alfafinplus.sk\/index.php?rest_route=\/wp\/v2\/pages\/8","targetHints":{"allow":["GET"]}}],"collection":[{"href":"https:\/\/alfafinplus.sk\/index.php?rest_route=\/wp\/v2\/pages"}],"about":[{"href":"https:\/\/alfafinplus.sk\/index.php?rest_route=\/wp\/v2\/types\/page"}],"author":[{"embeddable":true,"href":"https:\/\/alfafinplus.sk\/index.php?rest_route=\/wp\/v2\/users\/1"}],"replies":[{"embeddable":true,"href":"https:\/\/alfafinplus.sk\/index.php?rest_route=%2Fwp%2Fv2%2Fcomments&post=8"}],"version-history":[{"count":22,"href":"https:\/\/alfafinplus.sk\/index.php?rest_route=\/wp\/v2\/pages\/8\/revisions"}],"predecessor-version":[{"id":69,"href":"https:\/\/alfafinplus.sk\/index.php?rest_route=\/wp\/v2\/pages\/8\/revisions\/69"}],"wp:attachment":[{"href":"https:\/\/alfafinplus.sk\/index.php?rest_route=%2Fwp%2Fv2%2Fmedia&parent=8"}],"curies":[{"name":"wp","href":"https:\/\/api.w.org\/{rel}","templated":true}]}}